{"id":115,"date":"2014-03-14T09:07:36","date_gmt":"2014-03-14T09:07:36","guid":{"rendered":"https:\/\/teatreeoil.it\/?page_id=13"},"modified":"2017-04-21T13:28:36","modified_gmt":"2017-04-21T11:28:36","slug":"tea-tree-oil-proprieta","status":"publish","type":"page","link":"https:\/\/teatreeoil.it\/?page_id=115","title":{"rendered":"Tea Tree Oil &#8211; Propriet\u00e0"},"content":{"rendered":"<p>In principio gli aborigeni erano soliti fare bagni curativi nelle lagune circondate da piante di <a title=\"Tea Tree Oil \u2013 Origine\" href=\"https:\/\/teatreeoil.it\/\"><em>Melaleuca alternifolia<\/em><\/a>, dove le foglie dell\u2019albero, cadendo, rendevano balsamiche le acque. In seguito, i marinai britannici approdati in Australia iniziarono ad utilizzare le foglie di tea tree per la preparazione del t\u00e8, in modo da mantenere la tradizione inglese del t\u00e8 delle cinque.<\/p>\n<p>In botanica, \u00e8 definito <strong>tea tree oil<\/strong> l\u2019olio essenziale ottenuto dalla distillazione delle foglie della Melaleuca alternifolia. In campo medico, fonti ufficiali attribuiscono all\u2019olio essenziale di tea tree, di origine completamente naturale, eccellenti propriet\u00e0 antisettiche, immunostimolanti, lenitive ed antinfiammatorie, antibatteriche, antimicotiche, cicatrizzanti, antivirale e fungicide, oltre ad una leggera azione anestetizzante.<\/p>\n<p>I primi studi risalgono agli anni \u201820 ed hanno confermato l\u2019efficacia di questo tipo di olio nel contrastare le infezioni. Durante gli anni \u201830, l\u2019utilizzo del tea tree oil \u00e8 stato scientificamente riconosciuto ed ufficialmente prescritto per la cura di gengiviti, piorrea, infezioni da miceti, paronichia, infezioni rinofaringee e ginecologiche.<br \/>\nTuttavia, dopo la fine della guerra, l\u2019utilizzo dell\u2019olio di tea tree ha subito un pesante declino dovuto all\u2019avvento degli antibiotici ed altri farmaci di sintesi. Ma grazie alla riscoperta della medicina tradizionale e la preferenza per i prodotti naturali, l\u2019utilizzo del tea tree oil \u00e8 stato rivalutato nel corso degli anni \u201960 e, dall&#8217;inizio degli anni \u201870 fino al giorno d\u2019oggi, numerose ricerche scientifiche hanno dimostrato ed evidenziato definitivamente le sue eccellenti propriet\u00e0. Attualmente l\u2019olio di tea tree gode di una diffusione globale ed \u00e8 utilizzato in molti campi, dai prodotti cosmetici ai prodotti curativi, dai dentifrici agli shampoo, sia nelle formulazioni industriali che in quelle estemporanee.<\/p>\n<p>L\u2019olio di tea tree \u00e8 indicato per il trattamento di scottature, irritazioni cutanee e punture d\u2019insetto. Se utilizzato puro pu\u00f2 essere utile nella cura di sinusite, acne, foruncoli, verruche, esantemi, infezioni vaginali come cistiti e mughetto e per alleviare il dolore provocato da ustioni, afte, dolori e sanguinamenti gengivali, influenza, ulcere del cavo orale, gengiviti, herpes e tonsillite. Possiede propriet\u00e0 fortemente deodoranti e detergenti e viene adoperato anche per la fabbricazione di saponi medicinali, shampoo, dentifrici e collutori. L\u2019olio di tea tree \u00e8 inoltre estremamente utile nella prevenzione delle infestazioni da pidocchi e da pulci, semplicemente bagnando un pettine con qualche goccia dello stesso e pettinandosi. L\u2019olio non deve utilizzato su ferite aperte n\u00e9 tantomeno ingerito. Va inoltre conservato lontano dalla portata dei bambini.<\/p>\n<p>Il tea tree oil \u00e8 considerato un efficace disinfettante della cute, in grado di contrastare i microrganismi ospiti, sia abituali che occasionali. All\u2019olio essenziale di tea tree \u00e8 stata riconosciuta un\u2019azione antimicrobica ad ampio spettro, atta a neutralizzare e debellare batteri, germi, funghi e perfino virus. \u00c8 inoltre caratterizzato da un\u2019apprezzabile penetrazione epidermica.<br \/>\nPrivo di solventi, alcool, additivi o diluenti, l\u2019olio di tea tree \u00e8 generalmente ben tollerato anche se applicato puro su piccole zone della cute, anche se \u00e8 sempre consigliabile utilizzarlo in forma diluita, per poi eventualmente passare a concentrazioni maggiori una volta appurata la tollerabilit\u00e0 individuale. Si ricorda inoltre che anche un uso normale dell\u2019olio di tea tree sulla pelle integra pu\u00f2 dare luogo a leggere irritazioni temporanee.<\/p>\n<h2>Tea tree oil: dove si acquista?<\/h2>\n<p>Il tea tree oil \u00e8 un prodotto utile sia per la cosmesi sia come antisettico ed antibatterico, nonch\u00e9 per la pulizia della casa ed il suo utilizzo esterno pu\u00f2 debellare bacilli, batteri e funghi. L\u2019olio essenziale di tea tree \u00e8 facilmente reperibile in erboristeria, nei negozi dedicati ai prodotti naturali ed online. Prima dell\u2019acquisto del vostro tea tree oil, raccomandiamo di assicurarvi che esso sia completamente puro.<br \/>\nIl prezzo di un olio di ottima qualit\u00e0 si aggira indicativamente sui \u20ac10. Una confezione, se utilizzata con parsimonia ed evitando inutili sprechi e dispersioni, pu\u00f2 durare molto a lungo. Si consiglia di fare attenzione alla data di scadenza al momento dell\u2019acquisto. Nel caso in cui l\u2019odore del tea tree oil risulti eccessivamente sgradevole, si consiglia di mescolarlo ad altri tipi di olio essenziale dalla profumazione pi\u00f9 gradevole, come quello di limone, lavanda, manuka o rosalin. Assicuratevi che il prodotto che state per comperare sia munito di apposito contagocce e sia contenuto in una confezione di vetro, possibilmente di colore scuro, poich\u00e9 l\u2019olio essenziale di tea tree oil \u00e8 particolarmente sensibile alla luce. \u00c8 consigliabile conservarlo al buio, per esempio in un cassetto.<\/p>\n","protected":false},"excerpt":{"rendered":"<p>In principio gli aborigeni erano soliti fare bagni curativi nelle lagune circondate da piante di Melaleuca alternifolia, dove le foglie dell\u2019albero, cadendo, rendevano balsamiche le acque. In seguito, i marinai britannici approdati in Australia iniziarono ad utilizzare le foglie di tea tree per la preparazione del t\u00e8, in modo da mantenere la tradizione inglese del &hellip;<\/p>\n","protected":false},"author":0,"featured_media":0,"parent":0,"menu_order":0,"comment_status":"closed","ping_status":"closed","template":"","meta":{"footnotes":""},"class_list":["post-115","page","type-page","status-publish",""],"yoast_head":"<!-- This site is optimized with the Yoast SEO plugin v26.9 - https:\/\/yoast.com\/product\/yoast-seo-wordpress\/ -->\n<title>Tea Tree Oil - Propriet\u00e0<\/title>\n<meta name=\"description\" content=\"Scopri le propriet\u00e0 dell&#039;olio essenziale ottenuto dalla distillazione delle foglie della Melaleuca alternifolia: il Tea Tree Oil.\" \/>\n<meta name=\"robots\" content=\"index, follow, max-snippet:-1, max-image-preview:large, max-video-preview:-1\" \/>\n<link rel=\"canonical\" href=\"https:\/\/teatreeoil.it\/?page_id=115\" \/>\n<meta property=\"og:locale\" content=\"it_IT\" \/>\n<meta property=\"og:type\" content=\"article\" \/>\n<meta property=\"og:title\" content=\"Tea Tree Oil - Propriet\u00e0\" \/>\n<meta property=\"og:description\" content=\"Scopri le propriet\u00e0 dell&#039;olio essenziale ottenuto dalla distillazione delle foglie della Melaleuca alternifolia: il Tea Tree Oil.\" \/>\n<meta property=\"og:url\" content=\"https:\/\/teatreeoil.it\/?page_id=115\" \/>\n<meta property=\"og:site_name\" content=\"Tea Tree Oil\" \/>\n<meta property=\"article:modified_time\" content=\"2017-04-21T11:28:36+00:00\" \/>\n<meta name=\"twitter:card\" content=\"summary_large_image\" \/>\n<meta name=\"twitter:label1\" content=\"Tempo di lettura stimato\" \/>\n\t<meta name=\"twitter:data1\" content=\"4 minuti\" \/>\n<script type=\"application\/ld+json\" class=\"yoast-schema-graph\">{\"@context\":\"https:\/\/schema.org\",\"@graph\":[{\"@type\":\"WebPage\",\"@id\":\"https:\/\/teatreeoil.it\/?page_id=115\",\"url\":\"https:\/\/teatreeoil.it\/?page_id=115\",\"name\":\"Tea Tree Oil - Propriet\u00e0\",\"isPartOf\":{\"@id\":\"https:\/\/teatreeoil.it\/#website\"},\"datePublished\":\"2014-03-14T09:07:36+00:00\",\"dateModified\":\"2017-04-21T11:28:36+00:00\",\"description\":\"Scopri le propriet\u00e0 dell'olio essenziale ottenuto dalla distillazione delle foglie della Melaleuca alternifolia: il Tea Tree Oil.\",\"breadcrumb\":{\"@id\":\"https:\/\/teatreeoil.it\/?page_id=115#breadcrumb\"},\"inLanguage\":\"it-IT\",\"potentialAction\":[{\"@type\":\"ReadAction\",\"target\":[\"https:\/\/teatreeoil.it\/?page_id=115\"]}]},{\"@type\":\"BreadcrumbList\",\"@id\":\"https:\/\/teatreeoil.it\/?page_id=115#breadcrumb\",\"itemListElement\":[{\"@type\":\"ListItem\",\"position\":1,\"name\":\"Home\",\"item\":\"https:\/\/teatreeoil.it\/\"},{\"@type\":\"ListItem\",\"position\":2,\"name\":\"Tea Tree Oil &#8211; Propriet\u00e0\"}]},{\"@type\":\"WebSite\",\"@id\":\"https:\/\/teatreeoil.it\/#website\",\"url\":\"https:\/\/teatreeoil.it\/\",\"name\":\"Tea Tree Oil\",\"description\":\"Propriet\u00e0, storia ed utilizzo\",\"potentialAction\":[{\"@type\":\"SearchAction\",\"target\":{\"@type\":\"EntryPoint\",\"urlTemplate\":\"https:\/\/teatreeoil.it\/?s={search_term_string}\"},\"query-input\":{\"@type\":\"PropertyValueSpecification\",\"valueRequired\":true,\"valueName\":\"search_term_string\"}}],\"inLanguage\":\"it-IT\"}]}<\/script>\n<!-- \/ Yoast SEO plugin. -->","yoast_head_json":{"title":"Tea Tree Oil - Propriet\u00e0","description":"Scopri le propriet\u00e0 dell'olio essenziale ottenuto dalla distillazione delle foglie della Melaleuca alternifolia: il Tea Tree Oil.","robots":{"index":"index","follow":"follow","max-snippet":"max-snippet:-1","max-image-preview":"max-image-preview:large","max-video-preview":"max-video-preview:-1"},"canonical":"https:\/\/teatreeoil.it\/?page_id=115","og_locale":"it_IT","og_type":"article","og_title":"Tea Tree Oil - Propriet\u00e0","og_description":"Scopri le propriet\u00e0 dell'olio essenziale ottenuto dalla distillazione delle foglie della Melaleuca alternifolia: il Tea Tree Oil.","og_url":"https:\/\/teatreeoil.it\/?page_id=115","og_site_name":"Tea Tree Oil","article_modified_time":"2017-04-21T11:28:36+00:00","twitter_card":"summary_large_image","twitter_misc":{"Tempo di lettura stimato":"4 minuti"},"schema":{"@context":"https:\/\/schema.org","@graph":[{"@type":"WebPage","@id":"https:\/\/teatreeoil.it\/?page_id=115","url":"https:\/\/teatreeoil.it\/?page_id=115","name":"Tea Tree Oil - Propriet\u00e0","isPartOf":{"@id":"https:\/\/teatreeoil.it\/#website"},"datePublished":"2014-03-14T09:07:36+00:00","dateModified":"2017-04-21T11:28:36+00:00","description":"Scopri le propriet\u00e0 dell'olio essenziale ottenuto dalla distillazione delle foglie della Melaleuca alternifolia: il Tea Tree Oil.","breadcrumb":{"@id":"https:\/\/teatreeoil.it\/?page_id=115#breadcrumb"},"inLanguage":"it-IT","potentialAction":[{"@type":"ReadAction","target":["https:\/\/teatreeoil.it\/?page_id=115"]}]},{"@type":"BreadcrumbList","@id":"https:\/\/teatreeoil.it\/?page_id=115#breadcrumb","itemListElement":[{"@type":"ListItem","position":1,"name":"Home","item":"https:\/\/teatreeoil.it\/"},{"@type":"ListItem","position":2,"name":"Tea Tree Oil &#8211; Propriet\u00e0"}]},{"@type":"WebSite","@id":"https:\/\/teatreeoil.it\/#website","url":"https:\/\/teatreeoil.it\/","name":"Tea Tree Oil","description":"Propriet\u00e0, storia ed utilizzo","potentialAction":[{"@type":"SearchAction","target":{"@type":"EntryPoint","urlTemplate":"https:\/\/teatreeoil.it\/?s={search_term_string}"},"query-input":{"@type":"PropertyValueSpecification","valueRequired":true,"valueName":"search_term_string"}}],"inLanguage":"it-IT"}]}},"_links":{"self":[{"href":"https:\/\/teatreeoil.it\/index.php?rest_route=\/wp\/v2\/pages\/115","targetHints":{"allow":["GET"]}}],"collection":[{"href":"https:\/\/teatreeoil.it\/index.php?rest_route=\/wp\/v2\/pages"}],"about":[{"href":"https:\/\/teatreeoil.it\/index.php?rest_route=\/wp\/v2\/types\/page"}],"replies":[{"embeddable":true,"href":"https:\/\/teatreeoil.it\/index.php?rest_route=%2Fwp%2Fv2%2Fcomments&post=115"}],"version-history":[{"count":1,"href":"https:\/\/teatreeoil.it\/index.php?rest_route=\/wp\/v2\/pages\/115\/revisions"}],"predecessor-version":[{"id":126,"href":"https:\/\/teatreeoil.it\/index.php?rest_route=\/wp\/v2\/pages\/115\/revisions\/126"}],"wp:attachment":[{"href":"https:\/\/teatreeoil.it\/index.php?rest_route=%2Fwp%2Fv2%2Fmedia&parent=115"}],"curies":[{"name":"wp","href":"https:\/\/api.w.org\/{rel}","templated":true}]}}