{"id":214,"date":"2017-06-12T14:52:40","date_gmt":"2017-06-12T12:52:40","guid":{"rendered":"https:\/\/teatreeoil.it\/?page_id=214"},"modified":"2017-06-13T13:22:38","modified_gmt":"2017-06-13T11:22:38","slug":"tea-tree-oil","status":"publish","type":"page","link":"https:\/\/teatreeoil.it\/","title":{"rendered":"Tea Tree Oil"},"content":{"rendered":"<h2 class=\"entry-title\">Tea Tree Oil \u2013 Origine<\/h2>\n<div class=\"entry-content\">\n<p>L\u2019isolamento geografico dal resto dei continenti \u00e8 una delle principali caratteristiche dell\u2019Australia, il paese pi\u00f9 grande dell\u2019Oceania e dell\u2019intera Australasia. Tale condizione ha favorito l\u2019evoluzione di specie di flora e fauna differenti da quelle che si possono trovare nel resto del mondo. Alcune di queste, come l\u2019albero di Melaleuca alternifolia, si sono rivelate estremamente utili sin dai tempi antichi.<\/p>\n<div style=\"margin-right: 10px; margin-bottom: 10px; float: left;\">La <strong>Melaleuca alternifolia<\/strong>, altres\u00ec nota come albero del t\u00e8 o tea tree, appartenente alla famiglia delle Mirtacee, \u00e8 una pianta officinale conosciuta gi\u00e0 dalle popolazioni aborigene che, da secoli, utilizzano le foglie per curare infezioni cutanee, lesione della pelle e ferite e ne usavano la corteccia per la fabbricazione di utensili e piccole canoe. Le foglie di Melaleuca venivano messe a macerare in acqua per ottenere un rimedio contro il mal di testa e la tosse. Definito dagli aborigeni della trib\u00f9 Bundjalung come \u201c<em>il guaritore pi\u00f9 versatile della natura<\/em>\u201d, l\u2019olio di Melaleuca \u00e8 utilizzato fin dai tempi pi\u00f9 remoti.<br \/>\nIl <strong>tea tree oil<\/strong> \u00e8 un olio essenziale che si estrae dalla Melaleuca alternifolia, il cui nome deriva dal greco m\u00e8las -anos, nero e leuk\u00f2s, bianco, dal contrasto tra le foglie di colore verde scuro e la corteccia di colore bianco. Il nome tea tree oil pare sia stato coniato dal capitano, esploratore, navigatore e cartografo britannico James Cook che, che, giunto in Australia nell\u2019anno 1770, impar\u00f2 dalle trib\u00f9 aborigene ad usare un estratto realizzato con le foglie della Melaleuca alternifolia per trattare abrasioni, scottature, ferite ed alleviare il fastidio delle punture d\u2019insetto. James Cook riconobbe la possibilit\u00e0 di ricavarne una bevanda simile ad un t\u00e8 speziato.<br \/>\nLe moderne sperimentazioni hanno confermato l\u2019efficacia dell\u2019olio essenziale ricavato dalla Melaleuca alternifolia. L\u2019essenza viene estratta per distillazione mediante l\u2019impiego di vapore acqueo dalle foglie della Melaleuca alternifolia, albero che cresce esclusivamente presso i ruscelli e le aree paludose che si trovano lungo la costa settentrionale del Nuovo Galles del Sud, nell\u2019Australia sud-orientale, area scoperta nel 1770 dal sopracitato capitano britannico James Cook, che diede alla zona il nome attuale. Solamente le piante che crescono nel proprio ambiente naturale originale, in Australia, sono dotate dei principi attivi che hanno reso celebre il tea tree oil in tutto il mondo. Tuttora viene effettuata la raccolta spontanea delle foglie di questa preziosa pianta officinale in numerose zone dell\u2019Australia.<br \/>\nLe foglie di Melaleuca sono lineari e pungenti, con uno spessore di circa 1 mm ed una lunghezza che varia indicativamente tra i 10 ed i 35 mm. I fiori, dal colore bianco, si presentano in grappoli lunghi all\u2019incirca 5 cm, mentre i frutti, legnosi ed a forma di coppa, hanno un diametro di 2-3 mm. Dalle foglie di Melaleuca si estrae un olio essenziale dalla fragranza estremamente forte e, talvolta considerata sgradevole, e dal sapore intenso, da cui derivano le propriet\u00e0 che vengono generalmente attribuite a questo tipo di pianta officinale.<\/div>\n<h2>Principi attivi del tea tree oil<\/h2>\n<p>Il tea tree oil comprende 48 composti organici e proprio da questa notevole quantit\u00e0 derivano le proprie numerose propriet\u00e0. Tuttavia, i principi attivi che rendono l\u2019olio essenziale di tea tree cos\u00ec particolare ed efficace sono principalmente il <em><strong>terpinolo-4<\/strong><\/em> ed il <strong><em>1,8-cineolo<\/em><\/strong>. Affinch\u00e9 la cute e le mucose non ne risultino irritate, il terpinolo ed il cineolo devono essere presenti nel prodotto finito rispettivamente in una concentrazione del 40% e del 5%, per una buona attivit\u00e0 terapeutica ed una bassissima azione irritativa a livello della pelle. Solamente le piante cresciute spontaneamente in Australia lungo la costa settentrionale del Nuovo Galles del Sud possiedono un alto contenuto di terpinene-4-olo ed un basso tenore di cineolo.<br \/>\nIl governo australiano ha stabilito che, per legge, <strong>per essere classificato come tea tree oil, l\u2019olio di Melaleuca deve contenere oltre il 30% di terpinolo e meno del 15% di cineolo<\/strong>, poich\u00e9 quest\u2019ultimo risulterebbe irritante qualora fosse presente in concentrazioni maggiori, rispettando pertanto l\u2019equilibrio che troviamo in natura.<\/p>\n<\/div>\n","protected":false},"excerpt":{"rendered":"<p>Tea Tree Oil \u2013 Origine L\u2019isolamento geografico dal resto dei continenti \u00e8 una delle principali caratteristiche dell\u2019Australia, il paese pi\u00f9 grande dell\u2019Oceania e dell\u2019intera Australasia. Tale condizione ha favorito l\u2019evoluzione di specie di flora e fauna differenti da quelle che si possono trovare nel resto del mondo. Alcune di queste, come l\u2019albero di Melaleuca alternifolia, &hellip;<\/p>\n","protected":false},"author":0,"featured_media":0,"parent":0,"menu_order":0,"comment_status":"closed","ping_status":"closed","template":"","meta":{"footnotes":""},"class_list":["post-214","page","type-page","status-publish",""],"yoast_head":"<!-- This site is optimized with the Yoast SEO plugin v26.9 - https:\/\/yoast.com\/product\/yoast-seo-wordpress\/ -->\n<title>Tea Tree Oil<\/title>\n<meta name=\"robots\" content=\"index, follow, max-snippet:-1, max-image-preview:large, max-video-preview:-1\" \/>\n<link rel=\"canonical\" href=\"https:\/\/teatreeoil.it\/\" \/>\n<meta property=\"og:locale\" content=\"it_IT\" \/>\n<meta property=\"og:type\" content=\"article\" \/>\n<meta property=\"og:title\" content=\"Tea Tree Oil\" \/>\n<meta property=\"og:description\" content=\"Tea Tree Oil \u2013 Origine L\u2019isolamento geografico dal resto dei continenti \u00e8 una delle principali caratteristiche dell\u2019Australia, il paese pi\u00f9 grande dell\u2019Oceania e dell\u2019intera Australasia. Tale condizione ha favorito l\u2019evoluzione di specie di flora e fauna differenti da quelle che si possono trovare nel resto del mondo. Alcune di queste, come l\u2019albero di Melaleuca alternifolia, &hellip;\" \/>\n<meta property=\"og:url\" content=\"https:\/\/teatreeoil.it\/\" \/>\n<meta property=\"og:site_name\" content=\"Tea Tree Oil\" \/>\n<meta property=\"article:modified_time\" content=\"2017-06-13T11:22:38+00:00\" \/>\n<meta name=\"twitter:card\" content=\"summary_large_image\" \/>\n<meta name=\"twitter:label1\" content=\"Tempo di lettura stimato\" \/>\n\t<meta name=\"twitter:data1\" content=\"3 minuti\" \/>\n<script type=\"application\/ld+json\" class=\"yoast-schema-graph\">{\"@context\":\"https:\/\/schema.org\",\"@graph\":[{\"@type\":\"WebPage\",\"@id\":\"https:\/\/teatreeoil.it\/\",\"url\":\"https:\/\/teatreeoil.it\/\",\"name\":\"Tea Tree Oil\",\"isPartOf\":{\"@id\":\"https:\/\/teatreeoil.it\/#website\"},\"datePublished\":\"2017-06-12T12:52:40+00:00\",\"dateModified\":\"2017-06-13T11:22:38+00:00\",\"breadcrumb\":{\"@id\":\"https:\/\/teatreeoil.it\/#breadcrumb\"},\"inLanguage\":\"it-IT\",\"potentialAction\":[{\"@type\":\"ReadAction\",\"target\":[\"https:\/\/teatreeoil.it\/\"]}]},{\"@type\":\"BreadcrumbList\",\"@id\":\"https:\/\/teatreeoil.it\/#breadcrumb\",\"itemListElement\":[{\"@type\":\"ListItem\",\"position\":1,\"name\":\"Home\",\"item\":\"https:\/\/teatreeoil.it\/\"},{\"@type\":\"ListItem\",\"position\":2,\"name\":\"Tea Tree Oil\"}]},{\"@type\":\"WebSite\",\"@id\":\"https:\/\/teatreeoil.it\/#website\",\"url\":\"https:\/\/teatreeoil.it\/\",\"name\":\"Tea Tree Oil\",\"description\":\"Propriet\u00e0, storia ed utilizzo\",\"potentialAction\":[{\"@type\":\"SearchAction\",\"target\":{\"@type\":\"EntryPoint\",\"urlTemplate\":\"https:\/\/teatreeoil.it\/?s={search_term_string}\"},\"query-input\":{\"@type\":\"PropertyValueSpecification\",\"valueRequired\":true,\"valueName\":\"search_term_string\"}}],\"inLanguage\":\"it-IT\"}]}<\/script>\n<!-- \/ Yoast SEO plugin. -->","yoast_head_json":{"title":"Tea Tree Oil","robots":{"index":"index","follow":"follow","max-snippet":"max-snippet:-1","max-image-preview":"max-image-preview:large","max-video-preview":"max-video-preview:-1"},"canonical":"https:\/\/teatreeoil.it\/","og_locale":"it_IT","og_type":"article","og_title":"Tea Tree Oil","og_description":"Tea Tree Oil \u2013 Origine L\u2019isolamento geografico dal resto dei continenti \u00e8 una delle principali caratteristiche dell\u2019Australia, il paese pi\u00f9 grande dell\u2019Oceania e dell\u2019intera Australasia. Tale condizione ha favorito l\u2019evoluzione di specie di flora e fauna differenti da quelle che si possono trovare nel resto del mondo. Alcune di queste, come l\u2019albero di Melaleuca alternifolia, &hellip;","og_url":"https:\/\/teatreeoil.it\/","og_site_name":"Tea Tree Oil","article_modified_time":"2017-06-13T11:22:38+00:00","twitter_card":"summary_large_image","twitter_misc":{"Tempo di lettura stimato":"3 minuti"},"schema":{"@context":"https:\/\/schema.org","@graph":[{"@type":"WebPage","@id":"https:\/\/teatreeoil.it\/","url":"https:\/\/teatreeoil.it\/","name":"Tea Tree Oil","isPartOf":{"@id":"https:\/\/teatreeoil.it\/#website"},"datePublished":"2017-06-12T12:52:40+00:00","dateModified":"2017-06-13T11:22:38+00:00","breadcrumb":{"@id":"https:\/\/teatreeoil.it\/#breadcrumb"},"inLanguage":"it-IT","potentialAction":[{"@type":"ReadAction","target":["https:\/\/teatreeoil.it\/"]}]},{"@type":"BreadcrumbList","@id":"https:\/\/teatreeoil.it\/#breadcrumb","itemListElement":[{"@type":"ListItem","position":1,"name":"Home","item":"https:\/\/teatreeoil.it\/"},{"@type":"ListItem","position":2,"name":"Tea Tree Oil"}]},{"@type":"WebSite","@id":"https:\/\/teatreeoil.it\/#website","url":"https:\/\/teatreeoil.it\/","name":"Tea Tree Oil","description":"Propriet\u00e0, storia ed utilizzo","potentialAction":[{"@type":"SearchAction","target":{"@type":"EntryPoint","urlTemplate":"https:\/\/teatreeoil.it\/?s={search_term_string}"},"query-input":{"@type":"PropertyValueSpecification","valueRequired":true,"valueName":"search_term_string"}}],"inLanguage":"it-IT"}]}},"_links":{"self":[{"href":"https:\/\/teatreeoil.it\/index.php?rest_route=\/wp\/v2\/pages\/214","targetHints":{"allow":["GET"]}}],"collection":[{"href":"https:\/\/teatreeoil.it\/index.php?rest_route=\/wp\/v2\/pages"}],"about":[{"href":"https:\/\/teatreeoil.it\/index.php?rest_route=\/wp\/v2\/types\/page"}],"replies":[{"embeddable":true,"href":"https:\/\/teatreeoil.it\/index.php?rest_route=%2Fwp%2Fv2%2Fcomments&post=214"}],"version-history":[{"count":1,"href":"https:\/\/teatreeoil.it\/index.php?rest_route=\/wp\/v2\/pages\/214\/revisions"}],"predecessor-version":[{"id":215,"href":"https:\/\/teatreeoil.it\/index.php?rest_route=\/wp\/v2\/pages\/214\/revisions\/215"}],"wp:attachment":[{"href":"https:\/\/teatreeoil.it\/index.php?rest_route=%2Fwp%2Fv2%2Fmedia&parent=214"}],"curies":[{"name":"wp","href":"https:\/\/api.w.org\/{rel}","templated":true}]}}